{"id":39,"date":"2021-03-01T18:59:47","date_gmt":"2021-03-01T18:59:47","guid":{"rendered":"https:\/\/www.golfalbatros.com\/site\/?page_id=39"},"modified":"2021-03-02T19:34:37","modified_gmt":"2021-03-02T19:34:37","slug":"accueil","status":"publish","type":"page","link":"https:\/\/golfalbatros.com\/","title":{"rendered":"ACCUEIL"},"content":{"rendered":"\n<div class=\"wp-block-image\"><figure class=\"alignleft size-large is-resized\"><img loading=\"lazy\" decoding=\"async\" src=\"https:\/\/www.golfalbatros.com\/site\/wp-content\/uploads\/2021\/03\/Screen-Shot-2021-03-01-at-2.14.49-PM.png\" alt=\"\" class=\"wp-image-76\" width=\"570\" height=\"318\" srcset=\"https:\/\/golfalbatros.com\/site\/wp-contenu\/uploads\/2021\/03\/Screen-Shot-2021-03-01-at-2.14.49-PM.png 439w, https:\/\/golfalbatros.com\/site\/wp-contenu\/uploads\/2021\/03\/Screen-Shot-2021-03-01-at-2.14.49-PM-300x168.png 300w\" sizes=\"auto, (max-width: 570px) 100vw, 570px\" \/><\/figure><\/div>\n\n\n\n<p>Situ\u00e9 en plein coeur de l&rsquo;arrondissement Sainte-Foy, \u00e0 quelques minutes des ponts et des principaux axes routiers de la capitale, le club de golf l&rsquo;Albatros vous offre une exp\u00e9rience unique \u00e0 quelques instants de chez vous.<\/p>\n\n\n\n<div class=\"wp-block-image\"><figure class=\"alignleft size-large is-resized\"><img loading=\"lazy\" decoding=\"async\" src=\"https:\/\/www.golfalbatros.com\/site\/wp-content\/uploads\/2021\/03\/Screen-Shot-2021-03-01-at-2.14.58-PM.png\" alt=\"\" class=\"wp-image-73\" width=\"572\" height=\"322\" srcset=\"https:\/\/golfalbatros.com\/site\/wp-contenu\/uploads\/2021\/03\/Screen-Shot-2021-03-01-at-2.14.58-PM.png 439w, https:\/\/golfalbatros.com\/site\/wp-contenu\/uploads\/2021\/03\/Screen-Shot-2021-03-01-at-2.14.58-PM-300x169.png 300w\" sizes=\"auto, (max-width: 572px) 100vw, 572px\" \/><\/figure><\/div>\n\n\n\n<p>Repr\u00e9sentant le meilleur des deux mondes entre le golf de ville et celui de banlieue , nos 18 trous sauront satisfaire les plus exigeants, tant par la longueur du parcours que par la qualit\u00e9 de nos verts.<\/p>\n\n\n\n<div class=\"wp-block-image\"><figure class=\"alignleft size-large is-resized\"><img loading=\"lazy\" decoding=\"async\" src=\"https:\/\/www.golfalbatros.com\/site\/wp-content\/uploads\/2021\/03\/Screen-Shot-2021-03-01-at-2.15.10-PM.png\" alt=\"\" class=\"wp-image-74\" width=\"572\" height=\"319\" srcset=\"https:\/\/golfalbatros.com\/site\/wp-contenu\/uploads\/2021\/03\/Screen-Shot-2021-03-01-at-2.15.10-PM.png 439w, https:\/\/golfalbatros.com\/site\/wp-contenu\/uploads\/2021\/03\/Screen-Shot-2021-03-01-at-2.15.10-PM-300x167.png 300w\" sizes=\"auto, (max-width: 572px) 100vw, 572px\" \/><\/figure><\/div>\n\n\n\n<p class=\"has-text-align-left\">Nous disposons \u00e9galement d&rsquo;un \u00ab\u00a0club house\u00a0\u00bb accueillant et d&rsquo;un service de restauration tr\u00e8s appr\u00e9ci\u00e9 avec son immense terrasse.<\/p>\n\n\n\n<div class=\"wp-block-image\"><figure class=\"alignleft size-large is-resized\"><img loading=\"lazy\" decoding=\"async\" src=\"https:\/\/www.golfalbatros.com\/site\/wp-content\/uploads\/2021\/03\/Screen-Shot-2021-03-01-at-2.15.21-PM.png\" alt=\"\" class=\"wp-image-72\" width=\"570\" height=\"321\" srcset=\"https:\/\/golfalbatros.com\/site\/wp-contenu\/uploads\/2021\/03\/Screen-Shot-2021-03-01-at-2.15.21-PM.png 439w, https:\/\/golfalbatros.com\/site\/wp-contenu\/uploads\/2021\/03\/Screen-Shot-2021-03-01-at-2.15.21-PM-300x169.png 300w\" sizes=\"auto, (max-width: 570px) 100vw, 570px\" \/><\/figure><\/div>\n\n\n\n<p>Que ce soit pour vos tournois, pour un 18 ou un 9 trous, ou bien pour vous \u00e9lancer \u00e0 notre lac de pratique, r\u00e9servez sans tarder au 418-871-1818. On vous attend ! Club de golf l&rsquo;Albatros 1418, route de l&rsquo;A\u00e9roport<br><br>R\u00e9servation : 418-871-1818<\/p>\n","protected":false},"excerpt":{"rendered":"<p>Situ\u00e9 en plein coeur de l&rsquo;arrondissement Sainte-Foy, \u00e0 quelques minutes des ponts et des principaux axes routiers de la capitale, le club de golf l&rsquo;Albatros vous offre une exp\u00e9rience unique \u00e0 quelques instants de chez vous. Repr\u00e9sentant le meilleur des deux mondes entre le golf de ville et celui de banlieue , nos 18 trous sauront satisfaire les plus exigeants, tant par la longueur du parcours que par la qualit\u00e9 de nos verts. Nous disposons \u00e9galement d&rsquo;un \u00ab\u00a0club house\u00a0\u00bb accueillant et d&rsquo;un service de restauration tr\u00e8s appr\u00e9ci\u00e9 avec son immense terrasse. Que ce soit pour vos tournois, pour un 18 ou un 9 trous, ou bien pour vous \u00e9lancer \u00e0 notre lac de pratique, r\u00e9servez sans tarder au 418-871-1818. On vous attend ! Club de golf l&rsquo;Albatros 1418, route de l&rsquo;A\u00e9roport R\u00e9servation : 418-871-1818<\/p>\n","protected":false},"author":1,"featured_media":0,"parent":0,"menu_order":0,"comment_status":"closed","ping_status":"closed","template":"","meta":{"footnotes":""},"class_list":["post-39","page","type-page","status-publish","hentry"],"acf":[],"_links":{"self":[{"href":"https:\/\/golfalbatros.com\/index.php?rest_route=\/wp\/v2\/pages\/39","targetHints":{"allow":["GET"]}}],"collection":[{"href":"https:\/\/golfalbatros.com\/index.php?rest_route=\/wp\/v2\/pages"}],"about":[{"href":"https:\/\/golfalbatros.com\/index.php?rest_route=\/wp\/v2\/types\/page"}],"author":[{"embeddable":true,"href":"https:\/\/golfalbatros.com\/index.php?rest_route=\/wp\/v2\/users\/1"}],"replies":[{"embeddable":true,"href":"https:\/\/golfalbatros.com\/index.php?rest_route=%2Fwp%2Fv2%2Fcomments&post=39"}],"version-history":[{"count":11,"href":"https:\/\/golfalbatros.com\/index.php?rest_route=\/wp\/v2\/pages\/39\/revisions"}],"predecessor-version":[{"id":92,"href":"https:\/\/golfalbatros.com\/index.php?rest_route=\/wp\/v2\/pages\/39\/revisions\/92"}],"wp:attachment":[{"href":"https:\/\/golfalbatros.com\/index.php?rest_route=%2Fwp%2Fv2%2Fmedia&parent=39"}],"curies":[{"name":"wp","href":"https:\/\/api.w.org\/{rel}","templated":true}]}}