{"id":45,"date":"2021-03-01T19:00:53","date_gmt":"2021-03-01T19:00:53","guid":{"rendered":"https:\/\/www.golfalbatros.com\/site\/?page_id=45"},"modified":"2025-11-30T16:07:17","modified_gmt":"2025-11-30T16:07:17","slug":"services","status":"publish","type":"page","link":"https:\/\/golfalbatros.com\/?page_id=45","title":{"rendered":"SERVICES"},"content":{"rendered":"\n<ul class=\"wp-block-list\">\n<li>Un magnifique parcours de golf de 18 trous avec vue imprenable sur la ville de Sainte-Foy et des environs.<br><\/li>\n\n\n\n<li>Une ancienne gare qui sert de restaurant. D\u00e9jeuners 7 jours sur 7, d\u00e8s 8h am.<br><\/li>\n\n\n\n<li>Un immense lac de pratique avec cibles et plan inclin\u00e9 au besoin, il s&rsquo;agit d&rsquo;une premi\u00e8re \u00e0 Qu\u00e9bec (30 aires de frappe).<br><\/li>\n\n\n\n<li>Un \u00ab\u00a0putting\u00a0\u00bb de pratique, des verts de qualit\u00e9 exceptionnelle. Une irrigation \u00e9lectronique sur tout le parcours.<br><\/li>\n\n\n\n<li>Les aires de pratique sont ouvertes jusqu&rsquo;\u00e0 la noirceur.<br><\/li>\n\n\n\n<li>45 voiturettes motoris\u00e9es.<br><\/li>\n\n\n\n<li>Un parcours de 5287 verges sign\u00e9 Philippe Watson.<br><\/li>\n\n\n\n<li>Possibilit\u00e9 de s&rsquo;offrir des forfaits tr\u00e8s avantageux.<br><\/li>\n\n\n\n<li>Nous avons un service de location d&rsquo;\u00e9quipements.<\/li>\n<\/ul>\n\n\n\n<p>*\u00c0 noter que les heures d\u2019ouverture peuvent varier avec la temp\u00e9rature<\/p>\n\n\n\n<p><\/p>\n\n\n\n<p><\/p>\n\n\n\n<figure class=\"wp-block-image size-full\"><img loading=\"lazy\" decoding=\"async\" width=\"805\" height=\"802\" src=\"https:\/\/golfalbatros.com\/site\/wp-contenu\/uploads\/2025\/11\/tempImageLnbMhL.jpg\" alt=\"\" class=\"wp-image-266\" srcset=\"https:\/\/golfalbatros.com\/site\/wp-contenu\/uploads\/2025\/11\/tempImageLnbMhL.jpg 805w, https:\/\/golfalbatros.com\/site\/wp-contenu\/uploads\/2025\/11\/tempImageLnbMhL-300x300.jpg 300w, https:\/\/golfalbatros.com\/site\/wp-contenu\/uploads\/2025\/11\/tempImageLnbMhL-150x150.jpg 150w, https:\/\/golfalbatros.com\/site\/wp-contenu\/uploads\/2025\/11\/tempImageLnbMhL-768x765.jpg 768w, https:\/\/golfalbatros.com\/site\/wp-contenu\/uploads\/2025\/11\/tempImageLnbMhL-75x75.jpg 75w\" sizes=\"auto, (max-width: 805px) 100vw, 805px\" \/><\/figure>\n\n\n\n<p><\/p>\n\n\n\n<h1 class=\"wp-block-heading\">Ren\u00e9 Cloutier<\/h1>\n\n\n\n<h2 class=\"wp-block-heading\">Professionnel enseignant de&nbsp; golf depuis plus de 30 ann\u00e9es<\/h2>\n\n\n\n<figure class=\"wp-block-image size-large is-resized\"><img loading=\"lazy\" decoding=\"async\" width=\"599\" height=\"1024\" src=\"https:\/\/golfalbatros.com\/site\/wp-contenu\/uploads\/2025\/06\/image-599x1024.png\" alt=\"\" class=\"wp-image-236\" style=\"width:142px;height:auto\" srcset=\"https:\/\/golfalbatros.com\/site\/wp-contenu\/uploads\/2025\/06\/image-599x1024.png 599w, https:\/\/golfalbatros.com\/site\/wp-contenu\/uploads\/2025\/06\/image-176x300.png 176w, https:\/\/golfalbatros.com\/site\/wp-contenu\/uploads\/2025\/06\/image.png 660w\" sizes=\"auto, (max-width: 599px) 100vw, 599px\" \/><\/figure>\n\n\n\n<p><\/p>\n\n\n\n<div class=\"wp-block-buttons is-layout-flex wp-block-buttons-is-layout-flex\">\n<div class=\"wp-block-button is-style-fill\"><a class=\"wp-block-button__link has-vivid-red-background-color has-background wp-element-button\" href=\"mailto:dgrenecloutier@hotmail.com\">R\u00c9SERVATION<\/a><\/div>\n<\/div>\n\n\n\n<p><\/p>\n\n\n\n<details class=\"wp-block-details is-layout-flow wp-block-details-is-layout-flow\"><summary><strong>CERTIFICATIONS<\/strong><\/summary>\n<p>PGA du Canada Classe A ( 8 ann\u00e9es ), Professionnel en titre Swing de Golf L\u00e9vis,&nbsp;Professionnel en titre R\u00e9alit\u00e9 Golf L\u00e9vis, Certificat Canadien des entra\u00eeneurs NIVEA 4,&nbsp;Niveau 2 PNCE, Leader Premier \u00c9lan depuis 2010 (FIRST TEE premier d\u00e9part).<\/p>\n\n\n\n<hr class=\"wp-block-separator has-alpha-channel-opacity\"\/>\n<\/details>\n\n\n\n<hr class=\"wp-block-separator has-alpha-channel-opacity\"\/>\n\n\n\n<details class=\"wp-block-details is-layout-flow wp-block-details-is-layout-flow\"><summary><strong>FORMATION<\/strong><\/summary>\n<p>Techniques des Loisirs, Managing Golf AGPQ, PGA du Canada classe A (8 ann\u00e9es), S\u00e9minaire de la PGA du Canada.<\/p>\n\n\n\n<hr class=\"wp-block-separator has-alpha-channel-opacity\"\/>\n<\/details>\n\n\n\n<hr class=\"wp-block-separator has-alpha-channel-opacity\"\/>\n\n\n\n<details class=\"wp-block-details is-layout-flow wp-block-details-is-layout-flow\"><summary><strong>EXP\u00c9RIENCES<\/strong><\/summary>\n<p>Champion JUNIOR district de Qu\u00e9bec en 1969, Adjoint \u00e0 Swing de golf L\u00e9vis, adjoint&nbsp;au Club de Golf Ste-Marie de Beauce, directeur g\u00e9n\u00e9ral de 3 clubs de golf au Qu\u00e9bec, plus de 10 ann\u00e9e professionnel enseignant au Golf de Pratique l&rsquo;H\u00eatri\u00e8re St-Augustin, diriger plusieurs \u00e9quipes de golf JUNIOR au Qu\u00e9bec.<\/p>\n\n\n\n<hr class=\"wp-block-separator has-alpha-channel-opacity\"\/>\n<\/details>\n\n\n\n<hr class=\"wp-block-separator has-alpha-channel-opacity\"\/>\n\n\n\n<details class=\"wp-block-details is-layout-flow wp-block-details-is-layout-flow\"><summary><strong>TECHNOLOGIES<\/strong><\/summary>\n<p>Videos, trackman et FITTING pour des b\u00e2tons sur mesures pour vous.<\/p>\n\n\n\n<hr class=\"wp-block-separator has-alpha-channel-opacity\"\/>\n<\/details>\n","protected":false},"excerpt":{"rendered":"<p>*\u00c0 noter que les heures d\u2019ouverture peuvent varier avec la temp\u00e9rature Ren\u00e9 Cloutier Professionnel enseignant de&nbsp; golf depuis plus de 30 ann\u00e9es<\/p>\n","protected":false},"author":1,"featured_media":0,"parent":0,"menu_order":0,"comment_status":"closed","ping_status":"closed","template":"","meta":{"footnotes":""},"class_list":["post-45","page","type-page","status-publish","hentry"],"acf":[],"_links":{"self":[{"href":"https:\/\/golfalbatros.com\/index.php?rest_route=\/wp\/v2\/pages\/45","targetHints":{"allow":["GET"]}}],"collection":[{"href":"https:\/\/golfalbatros.com\/index.php?rest_route=\/wp\/v2\/pages"}],"about":[{"href":"https:\/\/golfalbatros.com\/index.php?rest_route=\/wp\/v2\/types\/page"}],"author":[{"embeddable":true,"href":"https:\/\/golfalbatros.com\/index.php?rest_route=\/wp\/v2\/users\/1"}],"replies":[{"embeddable":true,"href":"https:\/\/golfalbatros.com\/index.php?rest_route=%2Fwp%2Fv2%2Fcomments&post=45"}],"version-history":[{"count":20,"href":"https:\/\/golfalbatros.com\/index.php?rest_route=\/wp\/v2\/pages\/45\/revisions"}],"predecessor-version":[{"id":267,"href":"https:\/\/golfalbatros.com\/index.php?rest_route=\/wp\/v2\/pages\/45\/revisions\/267"}],"wp:attachment":[{"href":"https:\/\/golfalbatros.com\/index.php?rest_route=%2Fwp%2Fv2%2Fmedia&parent=45"}],"curies":[{"name":"wp","href":"https:\/\/api.w.org\/{rel}","templated":true}]}}