{"id":49,"date":"2021-03-01T19:01:32","date_gmt":"2021-03-01T19:01:32","guid":{"rendered":"https:\/\/www.golfalbatros.com\/site\/?page_id=49"},"modified":"2026-03-31T01:56:03","modified_gmt":"2026-03-31T01:56:03","slug":"prix","status":"publish","type":"page","link":"https:\/\/golfalbatros.com\/?page_id=49","title":{"rendered":"PRIX"},"content":{"rendered":"\n<h1 class=\"wp-block-heading\">Prix d\u00e9but de saison 2026<\/h1>\n\n\n\n<figure class=\"wp-block-table\"><table><thead><tr><th>&nbsp;<\/th><th class=\"has-text-align-center\" data-align=\"center\"><strong>SEMAINE<\/strong><br><strong>LUNDI AU JEUDI <\/strong><br><strong>(Sauf jours f\u00e9ri\u00e9s)<\/strong><\/th><th class=\"has-text-align-center\" data-align=\"center\"><\/th><th class=\"has-text-align-center\" data-align=\"center\"><strong>FIN DE SEMAINE<\/strong><br><strong>VEN. SAM. DIMANCHE <\/strong><br><strong>ET JOURS F\u00c9RI\u00c9S<\/strong><\/th><th class=\"has-text-align-center\" data-align=\"center\"><\/th><\/tr><tr><th><\/th><th class=\"has-text-align-center\" data-align=\"center\">9 trous<\/th><th class=\"has-text-align-center\" data-align=\"center\">18 trous<\/th><th class=\"has-text-align-center\" data-align=\"center\">9 trous<\/th><th class=\"has-text-align-center\" data-align=\"center\">18 trous<\/th><\/tr><tr><th><\/th><th class=\"has-text-align-center\" data-align=\"center\"><\/th><th class=\"has-text-align-center\" data-align=\"center\"><\/th><th class=\"has-text-align-center\" data-align=\"center\"><\/th><th class=\"has-text-align-center\" data-align=\"center\"><\/th><\/tr><\/thead><tbody><tr><td>Avant 8:00 hrs<\/td><td class=\"has-text-align-center\" data-align=\"center\">24$<\/td><td class=\"has-text-align-center\" data-align=\"center\">36$<\/td><td class=\"has-text-align-center\" data-align=\"center\">27$<\/td><td class=\"has-text-align-center\" data-align=\"center\">41$<\/td><\/tr><tr><td>Apr\u00e8s 8:00 hrs<\/td><td class=\"has-text-align-center\" data-align=\"center\">24$<\/td><td class=\"has-text-align-center\" data-align=\"center\">36$<\/td><td class=\"has-text-align-center\" data-align=\"center\">27$<\/td><td class=\"has-text-align-center\" data-align=\"center\">41$<\/td><\/tr><tr><td>Apr\u00e8s 12:00 hrs<\/td><td class=\"has-text-align-center\" data-align=\"center\">24$<\/td><td class=\"has-text-align-center\" data-align=\"center\">36$<\/td><td class=\"has-text-align-center\" data-align=\"center\">27$<\/td><td class=\"has-text-align-center\" data-align=\"center\">41$<\/td><\/tr><tr><td>Apr\u00e8s 15:00 hrs<\/td><td class=\"has-text-align-center\" data-align=\"center\">24$<\/td><td class=\"has-text-align-center\" data-align=\"center\">36$<\/td><td class=\"has-text-align-center\" data-align=\"center\">27$<\/td><td class=\"has-text-align-center\" data-align=\"center\">41$<\/td><\/tr><\/tbody><\/table><\/figure>\n\n\n\n<h1 class=\"wp-block-heading\">Cart \u00e9lectrique<\/h1>\n\n\n\n<figure class=\"wp-block-table\"><table><thead><tr><th><\/th><th>Occupation double<\/th><th>Personne seule<\/th><\/tr><\/thead><tbody><tr><td>9 trous<\/td><td>15$ chaque<\/td><td>18$<\/td><\/tr><tr><td>18 trous<\/td><td>18$ chaque<\/td><td>24$<\/td><\/tr><\/tbody><\/table><\/figure>\n\n\n\n<h1 class=\"wp-block-heading\">Pull Cart<\/h1>\n\n\n\n<figure class=\"wp-block-table\"><table><tbody><tr><td>9 trous<\/td><td>4$ <\/td><\/tr><tr><td>18 trous<\/td><td>5$ <\/td><\/tr><\/tbody><\/table><\/figure>\n\n\n\n<p>Les taxes sont incluses<\/p>\n\n\n\n<p><\/p>\n","protected":false},"excerpt":{"rendered":"<p>Prix d\u00e9but de saison 2026 &nbsp; SEMAINELUNDI AU JEUDI (Sauf jours f\u00e9ri\u00e9s) FIN DE SEMAINEVEN. SAM. DIMANCHE ET JOURS F\u00c9RI\u00c9S 9 trous 18 trous 9 trous 18 trous Avant 8:00 hrs 24$ 36$ 27$ 41$ Apr\u00e8s 8:00 hrs 24$ 36$ 27$ 41$ Apr\u00e8s 12:00 hrs 24$ 36$ 27$ 41$ Apr\u00e8s 15:00 hrs 24$ 36$ 27$ 41$ Cart \u00e9lectrique Occupation double Personne seule 9 trous 15$ chaque 18$ 18 trous 18$ chaque 24$ Pull Cart 9 trous 4$ 18 trous 5$ Les taxes sont incluses<\/p>\n","protected":false},"author":1,"featured_media":0,"parent":0,"menu_order":0,"comment_status":"closed","ping_status":"closed","template":"","meta":{"footnotes":""},"class_list":["post-49","page","type-page","status-publish","hentry"],"acf":[],"_links":{"self":[{"href":"https:\/\/golfalbatros.com\/index.php?rest_route=\/wp\/v2\/pages\/49","targetHints":{"allow":["GET"]}}],"collection":[{"href":"https:\/\/golfalbatros.com\/index.php?rest_route=\/wp\/v2\/pages"}],"about":[{"href":"https:\/\/golfalbatros.com\/index.php?rest_route=\/wp\/v2\/types\/page"}],"author":[{"embeddable":true,"href":"https:\/\/golfalbatros.com\/index.php?rest_route=\/wp\/v2\/users\/1"}],"replies":[{"embeddable":true,"href":"https:\/\/golfalbatros.com\/index.php?rest_route=%2Fwp%2Fv2%2Fcomments&post=49"}],"version-history":[{"count":21,"href":"https:\/\/golfalbatros.com\/index.php?rest_route=\/wp\/v2\/pages\/49\/revisions"}],"predecessor-version":[{"id":271,"href":"https:\/\/golfalbatros.com\/index.php?rest_route=\/wp\/v2\/pages\/49\/revisions\/271"}],"wp:attachment":[{"href":"https:\/\/golfalbatros.com\/index.php?rest_route=%2Fwp%2Fv2%2Fmedia&parent=49"}],"curies":[{"name":"wp","href":"https:\/\/api.w.org\/{rel}","templated":true}]}}