{"id":51,"date":"2021-03-01T19:01:47","date_gmt":"2021-03-01T19:01:47","guid":{"rendered":"https:\/\/www.golfalbatros.com\/site\/?page_id=51"},"modified":"2023-07-21T18:13:28","modified_gmt":"2023-07-21T18:13:28","slug":"reglements","status":"publish","type":"page","link":"https:\/\/golfalbatros.com\/?page_id=51","title":{"rendered":"R\u00c8GLEMENTS"},"content":{"rendered":"\n<ol class=\"wp-block-list\"><li>Chaque joueur est <strong>responsable<\/strong> de sa balle<br><\/li><\/ol>\n\n\n\n<p>2. Chaque joueur doit avoir un <strong>sac de b\u00e2tons complet<\/strong> pour acc\u00e9der au terrain<br><\/p>\n\n\n\n<p>3. Seuls les joueurs peuvent acc\u00e9der au terrain<br><\/p>\n\n\n\n<p>4. <strong>Maximum <\/strong>de 4 golfeurs par d\u00e9part<br><\/p>\n\n\n\n<p>5. Les voitures de golf doivent longer le \u00ab fairway \u00bb et ne traverser ceux-ci qu\u2019\u00e0 90 degr\u00e9s. <strong>Ne jamais<\/strong> traverser d\u2019une all\u00e9e \u00e0 l\u2019autre<br><\/p>\n\n\n\n<p>6. Toutes boissons alcoolis\u00e9es doivent \u00eatre timbr\u00e9es par la R\u00e9gie<br><\/p>\n\n\n\n<p>7. Les golfeurs doivent r\u00e9parer les marques de balles sur les verts, les all\u00e9es et les d\u00e9parts<br><\/p>\n\n\n\n<p>8. Les golfeurs doivent se pr\u00e9senter 15 minutes avant leur d\u00e9part au risque de perdre leur priorit\u00e9 de jeu<br><br><\/p>\n\n\n\n<p>Le Marshall est pr\u00e9sent pour veiller \u00e0 ce que ces r\u00e8glements soient respect\u00e9s et se r\u00e9serve le droit de sortir une personne du terrain si elle fait autrement.<\/p>\n\n\n\n<p>Le club de golf l\u2019Albatros n\u2019est aucunement responsable des accidents pouvant survenir sur sa propri\u00e9t\u00e9. La direction se r\u00e9serve le droit de changer les r\u00e8glements en cours sur le terrain. Renseignez-vous sur place pour tout changement \u00e0 ceux-ci.<\/p>\n\n\n\n<p>La direction<\/p>\n","protected":false},"excerpt":{"rendered":"<p>Chaque joueur est responsable de sa balle 2. Chaque joueur doit avoir un sac de b\u00e2tons complet pour acc\u00e9der au terrain 3. Seuls les joueurs peuvent acc\u00e9der au terrain 4. Maximum de 4 golfeurs par d\u00e9part 5. Les voitures de golf doivent longer le \u00ab fairway \u00bb et ne traverser ceux-ci qu\u2019\u00e0 90 degr\u00e9s. Ne jamais traverser d\u2019une all\u00e9e \u00e0 l\u2019autre 6. Toutes boissons alcoolis\u00e9es doivent \u00eatre timbr\u00e9es par la R\u00e9gie 7. Les golfeurs doivent r\u00e9parer les marques de balles sur les verts, les all\u00e9es et les d\u00e9parts 8. Les golfeurs doivent se pr\u00e9senter 15 minutes avant leur d\u00e9part au risque de perdre leur priorit\u00e9 de jeu Le Marshall est pr\u00e9sent pour veiller \u00e0 ce que ces r\u00e8glements soient respect\u00e9s et se r\u00e9serve le droit de sortir une personne du terrain si elle fait autrement. Le club de golf l\u2019Albatros n\u2019est aucunement responsable des accidents pouvant survenir sur sa propri\u00e9t\u00e9. La direction se r\u00e9serve le droit de changer les r\u00e8glements en cours sur le terrain. Renseignez-vous sur place pour tout changement \u00e0 ceux-ci. La direction<\/p>\n","protected":false},"author":1,"featured_media":0,"parent":0,"menu_order":0,"comment_status":"closed","ping_status":"closed","template":"","meta":{"footnotes":""},"class_list":["post-51","page","type-page","status-publish","hentry"],"acf":[],"_links":{"self":[{"href":"https:\/\/golfalbatros.com\/index.php?rest_route=\/wp\/v2\/pages\/51","targetHints":{"allow":["GET"]}}],"collection":[{"href":"https:\/\/golfalbatros.com\/index.php?rest_route=\/wp\/v2\/pages"}],"about":[{"href":"https:\/\/golfalbatros.com\/index.php?rest_route=\/wp\/v2\/types\/page"}],"author":[{"embeddable":true,"href":"https:\/\/golfalbatros.com\/index.php?rest_route=\/wp\/v2\/users\/1"}],"replies":[{"embeddable":true,"href":"https:\/\/golfalbatros.com\/index.php?rest_route=%2Fwp%2Fv2%2Fcomments&post=51"}],"version-history":[{"count":7,"href":"https:\/\/golfalbatros.com\/index.php?rest_route=\/wp\/v2\/pages\/51\/revisions"}],"predecessor-version":[{"id":176,"href":"https:\/\/golfalbatros.com\/index.php?rest_route=\/wp\/v2\/pages\/51\/revisions\/176"}],"wp:attachment":[{"href":"https:\/\/golfalbatros.com\/index.php?rest_route=%2Fwp%2Fv2%2Fmedia&parent=51"}],"curies":[{"name":"wp","href":"https:\/\/api.w.org\/{rel}","templated":true}]}}