{"id":53,"date":"2021-03-01T19:02:02","date_gmt":"2021-03-01T19:02:02","guid":{"rendered":"https:\/\/www.golfalbatros.com\/site\/?page_id=53"},"modified":"2023-07-21T18:27:35","modified_gmt":"2023-07-21T18:27:35","slug":"emplois","status":"publish","type":"page","link":"https:\/\/golfalbatros.com\/?page_id=53","title":{"rendered":"EMPLOIS"},"content":{"rendered":"\n<p>Nous recherchons un pr\u00e9pos\u00e9 au d\u00e9part et une serveuse \u00e0 temps plein. <br>Les candidats peuvent envoyer leur CV \u00e0 <a rel=\"noreferrer noopener\" href=\"mailto:departalbatros@hotmail.ca\" target=\"_blank\">departalbatros@hotmail.ca<\/a><\/p>\n","protected":false},"excerpt":{"rendered":"<p>Nous recherchons un pr\u00e9pos\u00e9 au d\u00e9part et une serveuse \u00e0 temps plein. Les candidats peuvent envoyer leur CV \u00e0 departalbatros@hotmail.ca<\/p>\n","protected":false},"author":1,"featured_media":0,"parent":0,"menu_order":0,"comment_status":"closed","ping_status":"closed","template":"","meta":{"footnotes":""},"class_list":["post-53","page","type-page","status-publish","hentry"],"acf":[],"_links":{"self":[{"href":"https:\/\/golfalbatros.com\/index.php?rest_route=\/wp\/v2\/pages\/53","targetHints":{"allow":["GET"]}}],"collection":[{"href":"https:\/\/golfalbatros.com\/index.php?rest_route=\/wp\/v2\/pages"}],"about":[{"href":"https:\/\/golfalbatros.com\/index.php?rest_route=\/wp\/v2\/types\/page"}],"author":[{"embeddable":true,"href":"https:\/\/golfalbatros.com\/index.php?rest_route=\/wp\/v2\/users\/1"}],"replies":[{"embeddable":true,"href":"https:\/\/golfalbatros.com\/index.php?rest_route=%2Fwp%2Fv2%2Fcomments&post=53"}],"version-history":[{"count":2,"href":"https:\/\/golfalbatros.com\/index.php?rest_route=\/wp\/v2\/pages\/53\/revisions"}],"predecessor-version":[{"id":98,"href":"https:\/\/golfalbatros.com\/index.php?rest_route=\/wp\/v2\/pages\/53\/revisions\/98"}],"wp:attachment":[{"href":"https:\/\/golfalbatros.com\/index.php?rest_route=%2Fwp%2Fv2%2Fmedia&parent=53"}],"curies":[{"name":"wp","href":"https:\/\/api.w.org\/{rel}","templated":true}]}}