{"id":55,"date":"2021-03-01T19:02:18","date_gmt":"2021-03-01T19:02:18","guid":{"rendered":"https:\/\/www.golfalbatros.com\/site\/?page_id=55"},"modified":"2023-07-21T18:39:33","modified_gmt":"2023-07-21T18:39:33","slug":"contact","status":"publish","type":"page","link":"https:\/\/golfalbatros.com\/?page_id=55","title":{"rendered":"CONTACT"},"content":{"rendered":"\n<div class=\"wp-block-image\"><figure class=\"alignleft size-large is-resized\"><a href=\"https:\/\/www.google.com\/maps\/place\/1418+Route+de+l'A%C3%A9roport,+Qu%C3%A9bec,+QC+G2G+1G6\/@46.787707,-71.3725825,15z\/data=!3m1!4b1!4m5!3m4!1s0x4cb896b4e2d6ef11:0x2b9dc26c4d154fbf!8m2!3d46.7891719!4d-71.3667863\" target=\"_blank\" rel=\"noopener noreferrer\"><img loading=\"lazy\" decoding=\"async\" src=\"https:\/\/www.golfalbatros.com\/site\/wp-content\/uploads\/2021\/03\/Screen-Shot-2021-03-02-at-3.01.33-PM.png\" alt=\"\" class=\"wp-image-127\" width=\"404\" height=\"304\" srcset=\"https:\/\/golfalbatros.com\/site\/wp-contenu\/uploads\/2021\/03\/Screen-Shot-2021-03-02-at-3.01.33-PM.png 602w, https:\/\/golfalbatros.com\/site\/wp-contenu\/uploads\/2021\/03\/Screen-Shot-2021-03-02-at-3.01.33-PM-300x226.png 300w\" sizes=\"auto, (max-width: 404px) 100vw, 404px\" \/><\/a><\/figure><\/div>\n\n\n\n<p><\/p>\n\n\n\n<p><\/p>\n\n\n\n<p><\/p>\n\n\n\n<p><strong>Club de Golf L&rsquo;Albatros<\/strong><\/p>\n\n\n\n<p>Pour une r\u00e9servation\/annulation pour la journ\u00e9e m\u00eame appelez au 418-871-1818<\/p>\n\n\n\n<p>Pour tout commentaire : <a href=\"mailto:departalbatros@hotmail.ca\">departalbatros@hotmail.ca<\/a><\/p>\n\n\n\n<p>Pour tout questionnement li\u00e9 \u00e0 la <strong>r\u00e9servation<\/strong> ou \u00e0 votre <strong>compte<\/strong>, veuillez \u00e9crire \u00e0 l\u2019adresse suivante : <a href=\"mailto:reservation.golfalbatros@hotmail.com\">reservation.golfalbatros@hotmail.com<\/a><\/p>\n\n\n\n<p><\/p>\n","protected":false},"excerpt":{"rendered":"<p>Club de Golf L&rsquo;Albatros Pour une r\u00e9servation\/annulation pour la journ\u00e9e m\u00eame appelez au 418-871-1818 Pour tout commentaire : departalbatros@hotmail.ca Pour tout questionnement li\u00e9 \u00e0 la r\u00e9servation ou \u00e0 votre compte, veuillez \u00e9crire \u00e0 l\u2019adresse suivante : reservation.golfalbatros@hotmail.com<\/p>\n","protected":false},"author":1,"featured_media":0,"parent":0,"menu_order":0,"comment_status":"closed","ping_status":"closed","template":"","meta":{"footnotes":""},"class_list":["post-55","page","type-page","status-publish","hentry"],"acf":[],"_links":{"self":[{"href":"https:\/\/golfalbatros.com\/index.php?rest_route=\/wp\/v2\/pages\/55","targetHints":{"allow":["GET"]}}],"collection":[{"href":"https:\/\/golfalbatros.com\/index.php?rest_route=\/wp\/v2\/pages"}],"about":[{"href":"https:\/\/golfalbatros.com\/index.php?rest_route=\/wp\/v2\/types\/page"}],"author":[{"embeddable":true,"href":"https:\/\/golfalbatros.com\/index.php?rest_route=\/wp\/v2\/users\/1"}],"replies":[{"embeddable":true,"href":"https:\/\/golfalbatros.com\/index.php?rest_route=%2Fwp%2Fv2%2Fcomments&post=55"}],"version-history":[{"count":9,"href":"https:\/\/golfalbatros.com\/index.php?rest_route=\/wp\/v2\/pages\/55\/revisions"}],"predecessor-version":[{"id":186,"href":"https:\/\/golfalbatros.com\/index.php?rest_route=\/wp\/v2\/pages\/55\/revisions\/186"}],"wp:attachment":[{"href":"https:\/\/golfalbatros.com\/index.php?rest_route=%2Fwp%2Fv2%2Fmedia&parent=55"}],"curies":[{"name":"wp","href":"https:\/\/api.w.org\/{rel}","templated":true}]}}